{"id":2398,"date":"2021-01-17T14:43:28","date_gmt":"2021-01-17T14:43:28","guid":{"rendered":"http:\/\/victor-rodrigo.com\/vrodrigo\/?page_id=2398"},"modified":"2025-01-17T17:15:34","modified_gmt":"2025-01-17T17:15:34","slug":"inici","status":"publish","type":"page","link":"https:\/\/victor-rodrigo.com\/vrodrigo\/","title":{"rendered":"Inici"},"content":{"rendered":"<p>[et_pb_section fb_built=&#8221;1&#8243; _builder_version=&#8221;4.16&#8243; _module_preset=&#8221;default&#8221; background_color=&#8221;#353831&#8243; background_image=&#8221;http:\/\/victor-rodrigo.com\/vrodrigo\/wp-content\/uploads\/2021\/01\/Pattern2-02-02.png&#8221; da_disable_devices=&#8221;off|off|off&#8221; global_colors_info=&#8221;{}&#8221; da_is_popup=&#8221;off&#8221; da_exit_intent=&#8221;off&#8221; da_has_close=&#8221;on&#8221; da_alt_close=&#8221;off&#8221; da_dark_close=&#8221;off&#8221; da_not_modal=&#8221;on&#8221; da_is_singular=&#8221;off&#8221; da_with_loader=&#8221;off&#8221; da_has_shadow=&#8221;on&#8221;][et_pb_row column_structure=&#8221;3_5,2_5&#8243; use_custom_gutter=&#8221;on&#8221; _builder_version=&#8221;4.16&#8243; _module_preset=&#8221;default&#8221; max_width=&#8221;2560px&#8221; custom_margin=&#8221;|auto||auto|false|false&#8221; custom_margin_tablet=&#8221;-15vh||||false|false&#8221; custom_margin_phone=&#8221;-15vh||||false|false&#8221; custom_margin_last_edited=&#8221;on|phone&#8221; custom_padding=&#8221;||||false|false&#8221; global_colors_info=&#8221;{}&#8221;][et_pb_column type=&#8221;3_5&#8243; _builder_version=&#8221;4.16&#8243; _module_preset=&#8221;default&#8221; global_colors_info=&#8221;{}&#8221;][et_pb_text _builder_version=&#8221;4.16&#8243; _module_preset=&#8221;default&#8221; header_font=&#8221;Reem Kufi||||||||&#8221; header_text_color=&#8221;#f96900&#8243; header_font_size=&#8221;94px&#8221; header_2_font=&#8221;Reem Kufi||||||||&#8221; header_2_text_align=&#8221;right&#8221; header_2_text_color=&#8221;#f96900&#8243; header_2_font_size=&#8221;50px&#8221; background_enable_color=&#8221;off&#8221; custom_margin=&#8221;20vh||||false|false&#8221; header_2_font_size_tablet=&#8221;&#8221; header_2_font_size_phone=&#8221;30px&#8221; header_2_font_size_last_edited=&#8221;on|phone&#8221; global_colors_info=&#8221;{}&#8221;]<\/p>\n<h2>VICTOR \u00a0 JOSEP<\/h2>\n<p>[\/et_pb_text][et_pb_text _builder_version=&#8221;4.16&#8243; _module_preset=&#8221;default&#8221; header_font=&#8221;Reem Kufi||||||||&#8221; header_text_align=&#8221;right&#8221; header_text_color=&#8221;#ffffff&#8221; header_font_size=&#8221;87px&#8221; header_2_font=&#8221;Reem Kufi||||||||&#8221; header_2_text_color=&#8221;#f88921&#8243; background_color=&#8221;#f88921&#8243; custom_margin=&#8221;-5vh||||false|false&#8221; custom_margin_tablet=&#8221;-3vh||||false|false&#8221; custom_margin_phone=&#8221;&#8221; custom_margin_last_edited=&#8221;on|tablet&#8221; text_font_size_tablet=&#8221;&#8221; text_font_size_phone=&#8221;&#8221; text_font_size_last_edited=&#8221;on|phone&#8221; header_font_size_tablet=&#8221;&#8221; header_font_size_phone=&#8221;60px&#8221; header_font_size_last_edited=&#8221;on|phone&#8221; global_colors_info=&#8221;{}&#8221;]<\/p>\n<h1>RODRIGO<\/h1>\n<p>[\/et_pb_text][et_pb_divider divider_style=&#8221;dashed&#8221; _builder_version=&#8221;4.16&#8243; _module_preset=&#8221;default&#8221; max_width=&#8221;100%&#8221; module_alignment=&#8221;right&#8221; custom_margin=&#8221;-4vh||||false|false&#8221; custom_margin_tablet=&#8221;-2vh||||false|false&#8221; custom_margin_phone=&#8221;&#8221; custom_margin_last_edited=&#8221;on|tablet&#8221; global_colors_info=&#8221;{}&#8221;][\/et_pb_divider][dsm_gradient_text gradient_text=&#8221;core\u00f2graf \u00b7 mestre \u00b7 ballar\u00ed&#8221; _builder_version=&#8221;4.16&#8243; _module_preset=&#8221;default&#8221; header_font=&#8221;Reem Kufi||||||||&#8221; header_text_align=&#8221;right&#8221; background_color_gradient_stops=&#8221;#48a9a6 0%|rgba(41,196,169,0.62) 100%&#8221; background_color_gradient_start=&#8221;#48a9a6&#8243; max_width=&#8221;100%&#8221; module_alignment=&#8221;center&#8221; global_colors_info=&#8221;{}&#8221;][\/dsm_gradient_text][et_pb_divider color=&#8221;#48a9a6&#8243; _builder_version=&#8221;4.16&#8243; _module_preset=&#8221;default&#8221; max_width=&#8221;50%&#8221; max_width_tablet=&#8221;59%&#8221; max_width_phone=&#8221;&#8221; max_width_last_edited=&#8221;on|tablet&#8221; module_alignment=&#8221;right&#8221; custom_margin=&#8221;-5vh||||false|false&#8221; custom_margin_tablet=&#8221;-3vh||||false|false&#8221; custom_margin_phone=&#8221;&#8221; custom_margin_last_edited=&#8221;on|tablet&#8221; global_colors_info=&#8221;{}&#8221;][\/et_pb_divider][et_pb_text _builder_version=&#8221;4.16&#8243; _module_preset=&#8221;default&#8221; text_font=&#8221;Actor||||||||&#8221; text_text_color=&#8221;#ffffff&#8221; text_font_size=&#8221;19px&#8221; custom_margin=&#8221;-2vh||||false|false&#8221; custom_margin_tablet=&#8221;&#8221; custom_margin_phone=&#8221;0vh||||false|false&#8221; custom_margin_last_edited=&#8221;on|phone&#8221; custom_padding=&#8221;0vh||||false|false&#8221; global_colors_info=&#8221;{}&#8221;]<\/p>\n<p style=\"text-align: justify;\">Professor, core\u00f2graf i ballar\u00ed. El 1985 obt\u00e9 el certificat CAED-Jazz per a impartir formaci\u00f3 de dansa jazz. Es forma en dansa i teatre musical a Barcelona, Londres i Nova York.<\/p>\n<p style=\"text-align: justify;\">La intenci\u00f3 de V\u00edctor Rodrigo \u00e9s fusionar el jazz i el teatre per a oferir espectacles que arribin al p\u00fablic m\u00e9s ampli.<\/p>\n<p style=\"text-align: justify;\">Les seves classes es caracteritzen per unir l&#8217;aprenentatge de t\u00e8cnica i ritme, per a <em><strong>desenvolupar la capacitat d&#8217;apreciar i recon\u00e8ixer diferents estils musicals<\/strong>\u00a0<\/em>(Blues, soul, jazz-rock, musical\u2026) aix\u00ed com de ballar-los utilitzant\u00a0<em><strong>diferents t\u00e8cniques<\/strong><\/em>\u00a0(Dunham, Ailey, Mattox, Simonson, Afro- Cuban \u2026). <span>A m\u00e9s, a les seves classes imparteix coneixements sobre els or\u00edgens i la hist\u00f2ria dels estils de jazz i la dansa jazz.\u00a0<\/span><\/p>\n<p>[\/et_pb_text][et_pb_button button_url=&#8221;#biografia&#8221; button_text=&#8221;BIOGRAFIA&#8221; button_alignment=&#8221;right&#8221; _builder_version=&#8221;4.16&#8243; _module_preset=&#8221;default&#8221; custom_button=&#8221;on&#8221; button_text_color=&#8221;#ffffff&#8221; button_bg_color=&#8221;#f17f29&#8243; button_border_color=&#8221;#f17f29&#8243; button_border_radius=&#8221;0px&#8221; button_font=&#8221;Reem Kufi||||||||&#8221; button_icon=&#8221;&#xe04a;||divi||400&#8243; global_colors_info=&#8221;{}&#8221;][\/et_pb_button][et_pb_divider color=&#8221;#48a9a6&#8243; _builder_version=&#8221;4.16&#8243; _module_preset=&#8221;default&#8221; max_width=&#8221;50%&#8221; module_alignment=&#8221;left&#8221; custom_margin=&#8221;-3vh||||false|false&#8221; global_colors_info=&#8221;{}&#8221;][\/et_pb_divider][\/et_pb_column][et_pb_column type=&#8221;2_5&#8243; _builder_version=&#8221;4.16&#8243; _module_preset=&#8221;default&#8221; background_enable_color=&#8221;off&#8221; background_enable_image=&#8221;off&#8221; global_colors_info=&#8221;{}&#8221;][et_pb_image src=&#8221;http:\/\/victor-rodrigo.com\/vrodrigo\/wp-content\/uploads\/2024\/05\/VR-Foto-inici.png&#8221; _builder_version=&#8221;4.16&#8243; _module_preset=&#8221;default&#8221; global_colors_info=&#8221;{}&#8221;][\/et_pb_image][\/et_pb_column][\/et_pb_row][et_pb_row _builder_version=&#8221;4.16&#8243; _module_preset=&#8221;default&#8221; max_width=&#8221;2560px&#8221; global_colors_info=&#8221;{}&#8221;][et_pb_column type=&#8221;4_4&#8243; _builder_version=&#8221;4.16&#8243; _module_preset=&#8221;default&#8221; global_colors_info=&#8221;{}&#8221;][et_pb_text _builder_version=&#8221;4.16&#8243; _module_preset=&#8221;default&#8221; header_font=&#8221;Reem Kufi||||||||&#8221; header_text_color=&#8221;#ffffff&#8221; header_font_size=&#8221;55px&#8221; header_2_font=&#8221;Reem Kufi||||||||&#8221; header_2_text_color=&#8221;#f88921&#8243; background_color=&#8221;#f17f29&#8243; custom_margin=&#8221;|||50%|false|false&#8221; custom_margin_tablet=&#8221;&#8221; custom_margin_phone=&#8221;|||0%|false|false&#8221; custom_margin_last_edited=&#8221;on|phone&#8221; custom_padding=&#8221;0.5%|2%|0.5%||false|false&#8221; global_colors_info=&#8221;{}&#8221;]<\/p>\n<h1 style=\"text-align: right;\">PROJECTES<\/h1>\n<p>[\/et_pb_text][et_pb_divider divider_style=&#8221;dashed&#8221; _builder_version=&#8221;4.16&#8243; _module_preset=&#8221;default&#8221; max_width=&#8221;50%&#8221; max_width_tablet=&#8221;&#8221; max_width_phone=&#8221;100%&#8221; max_width_last_edited=&#8221;on|phone&#8221; module_alignment=&#8221;right&#8221; custom_margin=&#8221;-4vh||||false|false&#8221; custom_margin_tablet=&#8221;-2vh||||false|false&#8221; custom_margin_phone=&#8221;&#8221; custom_margin_last_edited=&#8221;on|tablet&#8221; global_colors_info=&#8221;{}&#8221;][\/et_pb_divider][\/et_pb_column][\/et_pb_row][\/et_pb_section][et_pb_section fb_built=&#8221;1&#8243; fullwidth=&#8221;on&#8221; _builder_version=&#8221;4.16&#8243; _module_preset=&#8221;default&#8221; custom_margin_tablet=&#8221;-5vh||||false|false&#8221; custom_margin_phone=&#8221;&#8221; custom_margin_last_edited=&#8221;on|tablet&#8221; da_disable_devices=&#8221;off|off|off&#8221; global_colors_info=&#8221;{}&#8221; da_is_popup=&#8221;off&#8221; da_exit_intent=&#8221;off&#8221; da_has_close=&#8221;on&#8221; da_alt_close=&#8221;off&#8221; da_dark_close=&#8221;off&#8221; da_not_modal=&#8221;on&#8221; da_is_singular=&#8221;off&#8221; da_with_loader=&#8221;off&#8221; da_has_shadow=&#8221;on&#8221;][et_pb_fullwidth_portfolio include_categories=&#8221;16,20,18,17,21,22,19,7,15&#8243; show_date=&#8221;off&#8221; zoom_icon_color=&#8221;#ffffff&#8221; hover_overlay_color=&#8221;rgba(72,169,166,0.87)&#8221; hover_icon=&#8221;&#xe050;||divi||400&#8243; _builder_version=&#8221;4.27.4&#8243; _module_preset=&#8221;default&#8221; portfolio_header_level=&#8221;h3&#8243; portfolio_header_font=&#8221;Reem Kufi||||||||&#8221; portfolio_header_text_color=&#8221;#ffffff&#8221; title_font=&#8221;Reem Kufi|700|||||||&#8221; title_text_color=&#8221;#ffffff&#8221; auto=&#8221;on&#8221; hover_enabled=&#8221;0&#8243; global_colors_info=&#8221;{}&#8221; sticky_enabled=&#8221;0&#8243;][\/et_pb_fullwidth_portfolio][\/et_pb_section][et_pb_section fb_built=&#8221;1&#8243; admin_label=&#8221;Popup &#8211; #biografia&#8221; module_id=&#8221;biografia&#8221; module_class=&#8221;popup&#8221; _builder_version=&#8221;4.16&#8243; _module_preset=&#8221;default&#8221; background_color=&#8221;#f17f29&#8243; background_image=&#8221;http:\/\/victor-rodrigo.com\/vrodrigo\/wp-content\/uploads\/2016\/01\/Captura-de-Pantalla-2019-12-06-a-les-15.47.22.png&#8221; background_blend=&#8221;soft-light&#8221; width=&#8221;60%&#8221; width_tablet=&#8221;90%&#8221; width_phone=&#8221;95%&#8221; width_last_edited=&#8221;on|tablet&#8221; animation_style=&#8221;slide&#8221; da_is_popup=&#8221;on&#8221; da_popup_slug=&#8221;biografia&#8221; da_disable_devices=&#8221;off|off|off&#8221; global_colors_info=&#8221;{}&#8221; da_exit_intent=&#8221;off&#8221; da_has_close=&#8221;on&#8221; da_alt_close=&#8221;off&#8221; da_dark_close=&#8221;off&#8221; da_not_modal=&#8221;on&#8221; da_is_singular=&#8221;off&#8221; da_with_loader=&#8221;off&#8221; da_has_shadow=&#8221;on&#8221;][et_pb_row _builder_version=&#8221;4.16&#8243; _module_preset=&#8221;default&#8221; global_colors_info=&#8221;{}&#8221;][et_pb_column type=&#8221;4_4&#8243; _builder_version=&#8221;4.16&#8243; _module_preset=&#8221;default&#8221; global_colors_info=&#8221;{}&#8221;][et_pb_gallery gallery_ids=&#8221;4339,4340,4341&#8243; _builder_version=&#8221;4.16&#8243; _module_preset=&#8221;default&#8221; border_radii_image=&#8221;on|9px|9px|9px|9px&#8221; global_colors_info=&#8221;{}&#8221;][\/et_pb_gallery][\/et_pb_column][\/et_pb_row][et_pb_row _builder_version=&#8221;4.16&#8243; _module_preset=&#8221;default&#8221; global_colors_info=&#8221;{}&#8221;][et_pb_column type=&#8221;4_4&#8243; _builder_version=&#8221;4.16&#8243; _module_preset=&#8221;default&#8221; global_colors_info=&#8221;{}&#8221;][dsm_text_divider header=&#8221;FORMACI\u00d3&#8221; color=&#8221;#353831&#8243; divider_weight=&#8221;2px&#8221; _builder_version=&#8221;4.16&#8243; _module_preset=&#8221;default&#8221; header_font=&#8221;Reem Kufi|700|||||||&#8221; header_text_color=&#8221;#353831&#8243; global_colors_info=&#8221;{}&#8221;][\/dsm_text_divider][et_pb_text _builder_version=&#8221;4.16&#8243; _module_preset=&#8221;default&#8221; text_text_color=&#8221;#ffffff&#8221; custom_margin=&#8221;-2vh||||false|false&#8221; custom_padding=&#8221;0vh||||false|false&#8221; global_colors_info=&#8221;{}&#8221;]<\/p>\n<p style=\"text-align: justify;\">Professor, core\u00f2graf i ballar\u00ed. El 1985 obt\u00e9 el <strong>certificat CAED-Jazz<\/strong> per a impartir formaci\u00f3 de dansa jazz. Es forma en dansa i teatre musical a <strong>Barcelona, Londres i Nova York<\/strong>. Inicia la seva carrera professional com a ballar\u00ed i core\u00f2graf en el\u00a0<strong>Grup Estudi Anna Maleras<\/strong>.<\/p>\n<p>[\/et_pb_text][\/et_pb_column][\/et_pb_row][et_pb_row _builder_version=&#8221;4.16&#8243; _module_preset=&#8221;default&#8221; global_colors_info=&#8221;{}&#8221;][et_pb_column type=&#8221;4_4&#8243; _builder_version=&#8221;4.16&#8243; _module_preset=&#8221;default&#8221; global_colors_info=&#8221;{}&#8221;][et_pb_gallery gallery_ids=&#8221;4334,4335,4336&#8243; _builder_version=&#8221;4.16&#8243; _module_preset=&#8221;default&#8221; border_radii_image=&#8221;on|9px|9px|9px|9px&#8221; global_colors_info=&#8221;{}&#8221;][\/et_pb_gallery][\/et_pb_column][\/et_pb_row][et_pb_row _builder_version=&#8221;4.16&#8243; _module_preset=&#8221;default&#8221; global_colors_info=&#8221;{}&#8221;][et_pb_column type=&#8221;4_4&#8243; _builder_version=&#8221;4.16&#8243; _module_preset=&#8221;default&#8221; global_colors_info=&#8221;{}&#8221;][dsm_text_divider header=&#8221;BALLAR\u00cd&#8221; color=&#8221;#353831&#8243; divider_weight=&#8221;2px&#8221; _builder_version=&#8221;4.16&#8243; _module_preset=&#8221;default&#8221; header_font=&#8221;Reem Kufi|700|||||||&#8221; header_text_color=&#8221;#353831&#8243; global_colors_info=&#8221;{}&#8221;][\/dsm_text_divider][et_pb_text _builder_version=&#8221;4.16&#8243; _module_preset=&#8221;default&#8221; text_text_color=&#8221;#ffffff&#8221; custom_margin=&#8221;-2vh||||false|false&#8221; custom_padding=&#8221;0vh||||false|false&#8221; global_colors_info=&#8221;{}&#8221;]<\/p>\n<p style=\"text-align: justify;\">\u00c9s ballar\u00ed a peces de l&#8217;Anna Maleras com\u00a0<strong><em>Bolero, Estem amb el jazz, Carmen, Suite de Sors, Scraiabin Suite, Saeta, Soledad, Rainbow <\/em><\/strong>o<em><\/em><strong><em> Suite d&#8217;espirituals, <\/em><\/strong>aquesta \u00faltima tamb\u00e9 de Montse Colom\u00e9 i el propi Victor Rodrigo.<\/p>\n<p style=\"text-align: justify;\">A m\u00e9s tamb\u00e9 balla en altres peces com <em><strong>Guernica<\/strong><\/em> de Guillermo Palomares (M\u00e8xic), <em><strong>Floating<\/strong><\/em> de Gerard Collins (Fran\u00e7a), <em><strong>Strolling<\/strong><\/em> de Jan Manion (Austr\u00e0lia) o <em><strong>Marat\u00f3n<\/strong><\/em> de Carl Paris (EUA)<\/p>\n<p style=\"text-align: justify;\">[\/et_pb_text][dsm_text_divider header=&#8221;COMPANYIA VINCLES&#8221; color=&#8221;#353831&#8243; divider_weight=&#8221;2px&#8221; _builder_version=&#8221;4.16&#8243; _module_preset=&#8221;default&#8221; header_font=&#8221;Reem Kufi|700|||||||&#8221; header_text_color=&#8221;#353831&#8243; global_colors_info=&#8221;{}&#8221;][\/dsm_text_divider][et_pb_text _builder_version=&#8221;4.16&#8243; _module_preset=&#8221;default&#8221; text_text_color=&#8221;#ffffff&#8221; custom_margin=&#8221;-2vh||||false|false&#8221; custom_padding=&#8221;0vh||||false|false&#8221; global_colors_info=&#8221;{}&#8221;]<\/p>\n<p style=\"text-align: justify;\">El 1987 funda <strong>Vincles<\/strong>, la seva pr\u00f2pia companyia amb la que crea, balla i dirigeix espectacles com\u00a0<em><strong>Mort a Venecia<\/strong><\/em>,\u00a0<em><strong>Vincles<\/strong><\/em>,\u00a0<strong><em>Vaig de blues<\/em><\/strong>\u00a0(Voy de blues) o <em><strong>NO<\/strong>\u00a0<\/em>entre altres.<\/p>\n<p style=\"text-align: justify;\">[\/et_pb_text][dsm_text_divider header=&#8221;CORE\u00d2GRAF&#8221; color=&#8221;#353831&#8243; divider_weight=&#8221;2px&#8221; _builder_version=&#8221;4.16&#8243; _module_preset=&#8221;default&#8221; header_font=&#8221;Reem Kufi|700|||||||&#8221; header_text_color=&#8221;#353831&#8243; global_colors_info=&#8221;{}&#8221;][\/dsm_text_divider][et_pb_text _builder_version=&#8221;4.16&#8243; _module_preset=&#8221;default&#8221; text_text_color=&#8221;#ffffff&#8221; custom_margin=&#8221;-2vh||||false|false&#8221; custom_padding=&#8221;0vh||||false|false&#8221; global_colors_info=&#8221;{}&#8221;]<\/p>\n<p style=\"text-align: justify;\">Com a core\u00f2graf ha treballat en m\u00faltiples formats: Cerim\u00f2nia d&#8217;inaguraci\u00f3 dels\u00a0<strong>Special Olympics<\/strong> (2010, 2012 i 2014), ha coreografiat els esdeveniments organitzats pel\u00a0<strong>F.C. Barcelona<\/strong> durant 5 a\u00f1os, serials de TV como\u00a0<strong><em>Barcelona, ciutat neutral<\/em><\/strong>, dirigida per Sonia S\u00e1nchez (TV3, 2010), l&#8217;obra teatral\u00a0<strong><em>Carmela, Lili, Amanda<\/em><\/strong>, dirigida per Marc Chornet (2011) o la pel\u00b7l\u00edcula\u00a0<em><strong>Una carta para Evita<\/strong>,<\/em>\u00a0dirigida per Agust\u00ed Villaronga (TVE, 2012). Ha coreografiat els\u00a0<em><strong>Premis de Literatura Catalana<\/strong><\/em>, em\u00e8s per TV3 i dirigit per Marc Chornet.<\/p>\n<p style=\"text-align: justify;\">Tamb\u00e9 ha dirigit i coreografiat l&#8217;espectacle \u00a0<strong><em>Aires\u00a0en Moviment<\/em><\/strong>\u00a0(Buenos Aires, Argentina, 2013). Recentment ha\u00a0coreografiat per a la companyia Projecte Ingenu dirigida per Marc Chornet en obres com\u00a0<strong>Romeu i Julieta<\/strong> o en l&#8217;obra teatral\u00a0<strong><em>Vaig ser pr\u00f2sper<\/em><\/strong>, basada en <em>La Tempesta\u00a0<\/em>de Shakespeare on a m\u00e9s, Victor, tamb\u00e9 n&#8217;\u00e9s actor.<\/p>\n<p style=\"text-align: justify;\">[\/et_pb_text][dsm_text_divider header=&#8221;MESTRE, JURAT I DIRECTOR&#8221; color=&#8221;#353831&#8243; divider_weight=&#8221;2px&#8221; _builder_version=&#8221;4.16&#8243; _module_preset=&#8221;default&#8221; header_font=&#8221;Reem Kufi|700|||||||&#8221; header_text_color=&#8221;#353831&#8243; global_colors_info=&#8221;{}&#8221;][\/dsm_text_divider][et_pb_text _builder_version=&#8221;4.16&#8243; _module_preset=&#8221;default&#8221; text_text_color=&#8221;#ffffff&#8221; custom_margin=&#8221;-2vh||||false|false&#8221; custom_padding=&#8221;0vh||||false|false&#8221; global_colors_info=&#8221;{}&#8221;]<\/p>\n<p style=\"text-align: justify;\">Ha estat invitat com a professor i core\u00f2graf a la\u00a0<strong>Compa\u00f1\u00eda Prodanza, dirigida per Laura Alonso<\/strong> (La Habana, Cuba, 2014).<br \/> \u00c9s\u00a0<strong>Co-director del Jazz Festival de Barcelona<\/strong>, membre\u00a0del jurado del\u00a0<strong>Xic &amp; Dans International Contest<\/strong> (Andorra, 2018) i tamb\u00e9 ha dirigit i programat el festival\u00a0<strong>Eixample de dansa<\/strong>.<\/p>\n<p style=\"text-align: justify;\">\u00c9s un reconegut conferenciant sobre jazz, sovint fa confer\u00e8ncies sobre els or\u00edgens i l&#8217;evoluci\u00f3 de la dansa jazz i se l&#8217;invita de forma as\u00eddua a l&#8217;Institut del Teatre i a l&#8217;Universitat Aut\u00f2noma de Barcelona. Actualment \u00e9s professor de jazz a l&#8217;universitat privada ESART.<\/p>\n<p style=\"text-align: justify;\">Ha dirigit la <strong>formaci\u00f3 professional de jazz i la companyia pre-profesional de dansa jazz de l&#8217;Escola de Dansa Luthier<\/strong> (Barcelona). Ha participat\u00a0en l&#8217;elaboraci\u00f3 del <strong>programa de dansa jazz ACADE<\/strong> (sector de professors europeos d&#8217;art) i va ser escollit mestre pre a preparar a professors de dansa jazz per aquest mateix programa. Treballa regularment invitat com a mestre de dansa jazz en stages internacionals a l&#8217;estranger i recentment ha estat invitat a l&#8217;<strong>Universitat de Jerusalem, Sic\u00edlia, Buenos Aires, La Habana i El Salvador<\/strong>.<\/p>\n<p style=\"text-align: justify;\"><strong>L&#8217;intenci\u00f3 de V\u00edctor Rodrigo \u00e9s fusionar el jazz i el teatre per a oferir espectacles que arribin a p\u00fablics m\u00e9s amplis. Les seves classes es caracteritzen per unir l&#8217;aprenentatge de t\u00e8cnica i ritme, per a <em>desenvolupar la capacitat d&#8217;apreciar i recon\u00e8ixer diferents estils musicals\u00a0<\/em>(Blues, soul, jazz-rock, musical\u2026) aix\u00ed com de ballar-los utilitzant\u00a0<em>diferents t\u00e8cniques<\/em>\u00a0(Dunham, Ailey, Mattox, Simonson, Afro- Cuban \u2026). <span>A m\u00e9s, a les seves classes imparteix coneixements sobre els or\u00edgens i la hist\u00f2ria dels estils de jazz i la dansa jazz.\u00a0<\/span><\/strong><\/p>\n<p>[\/et_pb_text][\/et_pb_column][\/et_pb_row][\/et_pb_section]<\/p>\n","protected":false},"excerpt":{"rendered":"<p>VICTOR \u00a0 JOSEPRODRIGO<div class=\"et_pb_module dsm_gradient_text dsm_gradient_text_0 \">\n\t\t\t\t\n\t\t\t\t\n\t\t\t\t\n\t\t\t\t\n\t\t\t\t\n\t\t\t\t\n\t\t\t\t<div class=\"et_pb_module_inner\">\n\t\t\t\t\t<h1 class=\"dsm-gradient-text et_pb_module_header\">core\u00f2graf \u00b7 mestre \u00b7 ballar\u00ed<\/h1>\n\t\t\t\t<\/div>\n\t\t\t<\/div>Professor, core\u00f2graf i ballar\u00ed. El 1985 obt\u00e9 el certificat CAED-Jazz per a impartir formaci\u00f3 de dansa jazz. Es forma en dansa i teatre musical a Barcelona, Londres i Nova York. La intenci\u00f3 de V\u00edctor Rodrigo \u00e9s [&hellip;]<\/p>\n","protected":false},"author":2,"featured_media":0,"parent":0,"menu_order":0,"comment_status":"closed","ping_status":"closed","template":"","meta":{"_et_pb_use_builder":"on","_et_pb_old_content":"","_et_gb_content_width":"","footnotes":""},"class_list":["post-2398","page","type-page","status-publish","hentry"],"_links":{"self":[{"href":"https:\/\/victor-rodrigo.com\/vrodrigo\/wp-json\/wp\/v2\/pages\/2398","targetHints":{"allow":["GET"]}}],"collection":[{"href":"https:\/\/victor-rodrigo.com\/vrodrigo\/wp-json\/wp\/v2\/pages"}],"about":[{"href":"https:\/\/victor-rodrigo.com\/vrodrigo\/wp-json\/wp\/v2\/types\/page"}],"author":[{"embeddable":true,"href":"https:\/\/victor-rodrigo.com\/vrodrigo\/wp-json\/wp\/v2\/users\/2"}],"replies":[{"embeddable":true,"href":"https:\/\/victor-rodrigo.com\/vrodrigo\/wp-json\/wp\/v2\/comments?post=2398"}],"version-history":[{"count":37,"href":"https:\/\/victor-rodrigo.com\/vrodrigo\/wp-json\/wp\/v2\/pages\/2398\/revisions"}],"predecessor-version":[{"id":4679,"href":"https:\/\/victor-rodrigo.com\/vrodrigo\/wp-json\/wp\/v2\/pages\/2398\/revisions\/4679"}],"wp:attachment":[{"href":"https:\/\/victor-rodrigo.com\/vrodrigo\/wp-json\/wp\/v2\/media?parent=2398"}],"curies":[{"name":"wp","href":"https:\/\/api.w.org\/{rel}","templated":true}]}}