{"id":2687,"date":"2021-01-19T12:02:51","date_gmt":"2021-01-19T12:02:51","guid":{"rendered":"http:\/\/victor-rodrigo.com\/vrodrigo\/?page_id=2687"},"modified":"2025-01-17T17:29:10","modified_gmt":"2025-01-17T17:29:10","slug":"inicio-2","status":"publish","type":"page","link":"https:\/\/victor-rodrigo.com\/vrodrigo\/inicio-2\/","title":{"rendered":"Inicio"},"content":{"rendered":"<p>[et_pb_section fb_built=&#8221;1&#8243; _builder_version=&#8221;4.16&#8243; _module_preset=&#8221;default&#8221; background_color=&#8221;#353831&#8243; background_image=&#8221;http:\/\/victor-rodrigo.com\/vrodrigo\/wp-content\/uploads\/2021\/01\/Pattern2-02-02.png&#8221; da_disable_devices=&#8221;off|off|off&#8221; global_colors_info=&#8221;{}&#8221; da_is_popup=&#8221;off&#8221; da_exit_intent=&#8221;off&#8221; da_has_close=&#8221;on&#8221; da_alt_close=&#8221;off&#8221; da_dark_close=&#8221;off&#8221; da_not_modal=&#8221;on&#8221; da_is_singular=&#8221;off&#8221; da_with_loader=&#8221;off&#8221; da_has_shadow=&#8221;on&#8221;][et_pb_row column_structure=&#8221;3_5,2_5&#8243; use_custom_gutter=&#8221;on&#8221; _builder_version=&#8221;4.16&#8243; _module_preset=&#8221;default&#8221; max_width=&#8221;2560px&#8221; custom_margin=&#8221;|auto||auto|false|false&#8221; custom_margin_tablet=&#8221;-15vh||||false|false&#8221; custom_margin_phone=&#8221;-15vh||||false|false&#8221; custom_margin_last_edited=&#8221;on|tablet&#8221; custom_padding=&#8221;||||false|false&#8221; global_colors_info=&#8221;{}&#8221;][et_pb_column type=&#8221;3_5&#8243; _builder_version=&#8221;4.16&#8243; _module_preset=&#8221;default&#8221; global_colors_info=&#8221;{}&#8221;][et_pb_text _builder_version=&#8221;4.16&#8243; _module_preset=&#8221;default&#8221; header_font=&#8221;Reem Kufi||||||||&#8221; header_text_color=&#8221;#f96900&#8243; header_font_size=&#8221;94px&#8221; header_2_font=&#8221;Reem Kufi||||||||&#8221; header_2_text_align=&#8221;right&#8221; header_2_text_color=&#8221;#f96900&#8243; header_2_font_size=&#8221;50px&#8221; background_enable_color=&#8221;off&#8221; custom_margin=&#8221;20vh||||false|false&#8221; header_2_font_size_tablet=&#8221;&#8221; header_2_font_size_phone=&#8221;30px&#8221; header_2_font_size_last_edited=&#8221;on|phone&#8221; global_colors_info=&#8221;{}&#8221;]<\/p>\n<h2>VICTOR \u00a0 JOSEP<\/h2>\n<p>[\/et_pb_text][et_pb_text _builder_version=&#8221;4.16&#8243; _module_preset=&#8221;default&#8221; header_font=&#8221;Reem Kufi||||||||&#8221; header_text_align=&#8221;right&#8221; header_text_color=&#8221;#ffffff&#8221; header_font_size=&#8221;87px&#8221; header_2_font=&#8221;Reem Kufi||||||||&#8221; header_2_text_color=&#8221;#f88921&#8243; background_color=&#8221;#f88921&#8243; custom_margin=&#8221;-5vh||||false|false&#8221; custom_margin_tablet=&#8221;-3vh||||false|false&#8221; custom_margin_phone=&#8221;&#8221; custom_margin_last_edited=&#8221;on|tablet&#8221; text_font_size_tablet=&#8221;&#8221; text_font_size_phone=&#8221;&#8221; text_font_size_last_edited=&#8221;on|phone&#8221; header_font_size_tablet=&#8221;&#8221; header_font_size_phone=&#8221;60px&#8221; header_font_size_last_edited=&#8221;on|desktop&#8221; global_colors_info=&#8221;{}&#8221;]<\/p>\n<h1>RODRIGO<\/h1>\n<p>[\/et_pb_text][et_pb_divider divider_style=&#8221;dashed&#8221; _builder_version=&#8221;4.16&#8243; _module_preset=&#8221;default&#8221; max_width=&#8221;100%&#8221; module_alignment=&#8221;right&#8221; custom_margin=&#8221;-4vh||||false|false&#8221; custom_margin_tablet=&#8221;-2vh||||false|false&#8221; custom_margin_phone=&#8221;&#8221; custom_margin_last_edited=&#8221;on|tablet&#8221; global_colors_info=&#8221;{}&#8221;][\/et_pb_divider][dsm_gradient_text gradient_text=&#8221;core\u00f3grafo \u00b7 maestro \u00b7 bailar\u00edn&#8221; _builder_version=&#8221;4.16&#8243; _module_preset=&#8221;default&#8221; header_font=&#8221;Reem Kufi||||||||&#8221; header_text_align=&#8221;right&#8221; background_color_gradient_stops=&#8221;#48a9a6 0%|rgba(41,196,169,0.62) 100%&#8221; background_color_gradient_start=&#8221;#48a9a6&#8243; max_width=&#8221;100%&#8221; module_alignment=&#8221;center&#8221; global_colors_info=&#8221;{}&#8221;][\/dsm_gradient_text][et_pb_divider color=&#8221;#48a9a6&#8243; _builder_version=&#8221;4.16&#8243; _module_preset=&#8221;default&#8221; max_width=&#8221;50%&#8221; max_width_tablet=&#8221;59%&#8221; max_width_phone=&#8221;&#8221; max_width_last_edited=&#8221;on|tablet&#8221; module_alignment=&#8221;right&#8221; custom_margin=&#8221;-5vh||||false|false&#8221; custom_margin_tablet=&#8221;-3vh||||false|false&#8221; custom_margin_phone=&#8221;&#8221; custom_margin_last_edited=&#8221;on|tablet&#8221; global_colors_info=&#8221;{}&#8221;][\/et_pb_divider][et_pb_text _builder_version=&#8221;4.16&#8243; _module_preset=&#8221;default&#8221; text_font=&#8221;Actor||||||||&#8221; text_text_color=&#8221;#ffffff&#8221; text_font_size=&#8221;19px&#8221; custom_margin=&#8221;-2vh||||false|false&#8221; custom_margin_tablet=&#8221;&#8221; custom_margin_phone=&#8221;0vh||||false|false&#8221; custom_margin_last_edited=&#8221;on|phone&#8221; custom_padding=&#8221;0vh||||false|false&#8221; global_colors_info=&#8221;{}&#8221;]<\/p>\n<p style=\"text-align: justify;\">Profesor, core\u00f3grafo y bailar\u00edn. En\u00a01985 obtiene el certificado CAED-Jazz para impartir formaci\u00f3n de danza-jazz. Se forma en danza y teatro musical en Barcelona, Londres y Nueva York.<\/p>\n<p style=\"text-align: justify;\">La intenci\u00f3n de V\u00edctor Rodrigo es fusionar el jazz y el teatro para ofrecer espect\u00e1culos que lleguen al p\u00fablico m\u00e1s amplio.<\/p>\n<p style=\"text-align: justify;\">Sus clases se caracterizan por unir el aprendizaje de t\u00e9cnica y ritmo, por <em><strong>desarrollar la capacidad de apreciar y reconocer diferentes estilos musicales<\/strong> <\/em>(Blues, soul, jazz-rock, musical\u2026) as\u00ed como de\u00a0bailarlos usando <em><strong>distintas t\u00e9cnicas<\/strong><\/em>\u00a0(Dunham, Ailey, Mattox, Simonson, Afro- Cuban \u2026). <span>Adem\u00e1s, en sus clases\u00a0imparte conocimientos sobre los or\u00edgenes y la historia de los estilos de jazz y de danza jazz.<\/span><\/p>\n<p>[\/et_pb_text][et_pb_button button_url=&#8221;#biografia&#8221; button_text=&#8221;BIOGRAFIA&#8221; button_alignment=&#8221;right&#8221; _builder_version=&#8221;4.16&#8243; _module_preset=&#8221;default&#8221; custom_button=&#8221;on&#8221; button_text_color=&#8221;#ffffff&#8221; button_bg_color=&#8221;#f17f29&#8243; button_border_color=&#8221;#f17f29&#8243; button_border_radius=&#8221;0px&#8221; button_font=&#8221;Reem Kufi||||||||&#8221; button_icon=&#8221;&#xe04a;||divi||400&#8243; global_colors_info=&#8221;{}&#8221;][\/et_pb_button][et_pb_divider color=&#8221;#48a9a6&#8243; _builder_version=&#8221;4.16&#8243; _module_preset=&#8221;default&#8221; max_width=&#8221;50%&#8221; module_alignment=&#8221;left&#8221; custom_margin=&#8221;-3vh||||false|false&#8221; global_colors_info=&#8221;{}&#8221;][\/et_pb_divider][\/et_pb_column][et_pb_column type=&#8221;2_5&#8243; _builder_version=&#8221;4.16&#8243; _module_preset=&#8221;default&#8221; background_enable_color=&#8221;off&#8221; background_enable_image=&#8221;off&#8221; global_colors_info=&#8221;{}&#8221;][et_pb_image src=&#8221;http:\/\/victor-rodrigo.com\/vrodrigo\/wp-content\/uploads\/2024\/05\/VR-Foto-inici.png&#8221; _builder_version=&#8221;4.16&#8243; _module_preset=&#8221;default&#8221; global_colors_info=&#8221;{}&#8221;][\/et_pb_image][\/et_pb_column][\/et_pb_row][et_pb_row _builder_version=&#8221;4.16&#8243; _module_preset=&#8221;default&#8221; max_width=&#8221;2560px&#8221; global_colors_info=&#8221;{}&#8221;][et_pb_column type=&#8221;4_4&#8243; _builder_version=&#8221;4.16&#8243; _module_preset=&#8221;default&#8221; global_colors_info=&#8221;{}&#8221;][et_pb_text _builder_version=&#8221;4.16&#8243; _module_preset=&#8221;default&#8221; header_font=&#8221;Reem Kufi||||||||&#8221; header_text_color=&#8221;#ffffff&#8221; header_font_size=&#8221;55px&#8221; header_2_font=&#8221;Reem Kufi||||||||&#8221; header_2_text_color=&#8221;#f88921&#8243; background_color=&#8221;#f17f29&#8243; custom_margin=&#8221;|||50%|false|false&#8221; custom_margin_tablet=&#8221;&#8221; custom_margin_phone=&#8221;|||0%|false|false&#8221; custom_margin_last_edited=&#8221;on|phone&#8221; custom_padding=&#8221;0.5%|2%|0.5%||false|false&#8221; global_colors_info=&#8221;{}&#8221;]<\/p>\n<h1 style=\"text-align: right;\">PROYECTOS<\/h1>\n<p>[\/et_pb_text][et_pb_divider divider_style=&#8221;dashed&#8221; _builder_version=&#8221;4.16&#8243; _module_preset=&#8221;default&#8221; max_width=&#8221;50%&#8221; max_width_tablet=&#8221;&#8221; max_width_phone=&#8221;100%&#8221; max_width_last_edited=&#8221;on|phone&#8221; module_alignment=&#8221;right&#8221; custom_margin=&#8221;-4vh||||false|false&#8221; custom_margin_tablet=&#8221;-2vh||||false|false&#8221; custom_margin_phone=&#8221;&#8221; custom_margin_last_edited=&#8221;on|tablet&#8221; global_colors_info=&#8221;{}&#8221;][\/et_pb_divider][\/et_pb_column][\/et_pb_row][\/et_pb_section][et_pb_section fb_built=&#8221;1&#8243; fullwidth=&#8221;on&#8221; _builder_version=&#8221;4.16&#8243; _module_preset=&#8221;default&#8221; custom_margin_tablet=&#8221;-5vh||||false|false&#8221; custom_margin_phone=&#8221;&#8221; custom_margin_last_edited=&#8221;on|tablet&#8221; da_disable_devices=&#8221;off|off|off&#8221; global_colors_info=&#8221;{}&#8221; da_is_popup=&#8221;off&#8221; da_exit_intent=&#8221;off&#8221; da_has_close=&#8221;on&#8221; da_alt_close=&#8221;off&#8221; da_dark_close=&#8221;off&#8221; da_not_modal=&#8221;on&#8221; da_is_singular=&#8221;off&#8221; da_with_loader=&#8221;off&#8221; da_has_shadow=&#8221;on&#8221;][et_pb_fullwidth_portfolio include_categories=&#8221;47,46,21,45,44,43,48,42,16&#8243; show_date=&#8221;off&#8221; zoom_icon_color=&#8221;#ffffff&#8221; hover_overlay_color=&#8221;rgba(72,169,166,0.87)&#8221; hover_icon=&#8221;&#xe050;||divi||400&#8243; _builder_version=&#8221;4.27.4&#8243; _module_preset=&#8221;default&#8221; portfolio_header_level=&#8221;h3&#8243; portfolio_header_font=&#8221;Reem Kufi||||||||&#8221; portfolio_header_text_color=&#8221;#ffffff&#8221; title_font=&#8221;Reem Kufi|700|||||||&#8221; title_text_color=&#8221;#ffffff&#8221; auto=&#8221;on&#8221; hover_enabled=&#8221;0&#8243; global_colors_info=&#8221;{}&#8221; sticky_enabled=&#8221;0&#8243;][\/et_pb_fullwidth_portfolio][\/et_pb_section][et_pb_section fb_built=&#8221;1&#8243; admin_label=&#8221;Popup &#8211; #biografia&#8221; module_id=&#8221;biografia&#8221; module_class=&#8221;popup&#8221; _builder_version=&#8221;4.16&#8243; _module_preset=&#8221;default&#8221; background_color=&#8221;#f17f29&#8243; background_image=&#8221;http:\/\/victor-rodrigo.com\/vrodrigo\/wp-content\/uploads\/2016\/01\/Captura-de-Pantalla-2019-12-06-a-les-15.47.22.png&#8221; background_blend=&#8221;soft-light&#8221; width=&#8221;60%&#8221; width_tablet=&#8221;90%&#8221; width_phone=&#8221;95%&#8221; width_last_edited=&#8221;on|tablet&#8221; animation_style=&#8221;slide&#8221; da_is_popup=&#8221;on&#8221; da_popup_slug=&#8221;biografia&#8221; da_disable_devices=&#8221;off|off|off&#8221; global_colors_info=&#8221;{}&#8221; da_exit_intent=&#8221;off&#8221; da_has_close=&#8221;on&#8221; da_alt_close=&#8221;off&#8221; da_dark_close=&#8221;off&#8221; da_not_modal=&#8221;on&#8221; da_is_singular=&#8221;off&#8221; da_with_loader=&#8221;off&#8221; da_has_shadow=&#8221;on&#8221;][et_pb_row _builder_version=&#8221;4.16&#8243; _module_preset=&#8221;default&#8221; global_colors_info=&#8221;{}&#8221;][et_pb_column type=&#8221;4_4&#8243; _builder_version=&#8221;4.16&#8243; _module_preset=&#8221;default&#8221; global_colors_info=&#8221;{}&#8221;][et_pb_gallery gallery_ids=&#8221;4330,4329,4328&#8243; gallery_orderby=&#8221;rand&#8221; posts_number=&#8221;3&#8243; show_title_and_caption=&#8221;off&#8221; show_pagination=&#8221;off&#8221; _builder_version=&#8221;4.16&#8243; _module_preset=&#8221;default&#8221; width=&#8221;100%&#8221; border_radii_image=&#8221;on|9px|9px|9px|9px&#8221; global_colors_info=&#8221;{}&#8221;][\/et_pb_gallery][\/et_pb_column][\/et_pb_row][et_pb_row _builder_version=&#8221;4.16&#8243; _module_preset=&#8221;default&#8221; global_colors_info=&#8221;{}&#8221;][et_pb_column type=&#8221;4_4&#8243; _builder_version=&#8221;4.16&#8243; _module_preset=&#8221;default&#8221; global_colors_info=&#8221;{}&#8221;][dsm_text_divider header=&#8221;FORMACI\u00d3N&#8221; color=&#8221;#353831&#8243; divider_weight=&#8221;2px&#8221; _builder_version=&#8221;4.16&#8243; _module_preset=&#8221;default&#8221; header_font=&#8221;Reem Kufi|700|||||||&#8221; header_text_color=&#8221;#353831&#8243; global_colors_info=&#8221;{}&#8221;][\/dsm_text_divider][et_pb_text _builder_version=&#8221;4.16&#8243; _module_preset=&#8221;default&#8221; text_text_color=&#8221;#ffffff&#8221; custom_margin=&#8221;-2vh||||false|false&#8221; custom_padding=&#8221;0vh||||false|false&#8221; global_colors_info=&#8221;{}&#8221;]<\/p>\n<p style=\"text-align: justify;\">Profesor, core\u00f3grafo y bailar\u00edn. En\u00a01985 obtiene el <strong>certificado CAED-Jazz<\/strong> para impartir formaci\u00f3n de danza-jazz. Se forma en danza y teatro musical en <strong>Barcelona, Londres y Nueva York<\/strong>. Inicia su carrera profesional como bailar\u00edn y core\u00f3grafo en el<strong> Grup Estudi Anna Maleras<\/strong>.<\/p>\n<p style=\"text-align: justify;\">[\/et_pb_text][\/et_pb_column][\/et_pb_row][et_pb_row _builder_version=&#8221;4.16&#8243; _module_preset=&#8221;default&#8221; global_colors_info=&#8221;{}&#8221;][et_pb_column type=&#8221;4_4&#8243; _builder_version=&#8221;4.16&#8243; _module_preset=&#8221;default&#8221; global_colors_info=&#8221;{}&#8221;][et_pb_gallery gallery_ids=&#8221;4326,4325,4324&#8243; gallery_orderby=&#8221;rand&#8221; posts_number=&#8221;3&#8243; show_title_and_caption=&#8221;off&#8221; show_pagination=&#8221;off&#8221; _builder_version=&#8221;4.16&#8243; _module_preset=&#8221;default&#8221; width=&#8221;100%&#8221; border_radii_image=&#8221;on|9px|9px|9px|9px&#8221; global_colors_info=&#8221;{}&#8221;][\/et_pb_gallery][\/et_pb_column][\/et_pb_row][et_pb_row _builder_version=&#8221;4.16&#8243; _module_preset=&#8221;default&#8221; global_colors_info=&#8221;{}&#8221;][et_pb_column type=&#8221;4_4&#8243; _builder_version=&#8221;4.16&#8243; _module_preset=&#8221;default&#8221; global_colors_info=&#8221;{}&#8221;][dsm_text_divider header=&#8221;BAILAR\u00cdN&#8221; color=&#8221;#353831&#8243; divider_weight=&#8221;2px&#8221; _builder_version=&#8221;4.16&#8243; _module_preset=&#8221;default&#8221; header_font=&#8221;Reem Kufi|700|||||||&#8221; header_text_color=&#8221;#353831&#8243; global_colors_info=&#8221;{}&#8221;][\/dsm_text_divider][et_pb_text _builder_version=&#8221;4.16&#8243; _module_preset=&#8221;default&#8221; text_text_color=&#8221;#ffffff&#8221; custom_margin=&#8221;-2vh||||false|false&#8221; custom_padding=&#8221;0vh||||false|false&#8221; global_colors_info=&#8221;{}&#8221;]<\/p>\n<p style=\"text-align: justify;\">Es bailar\u00edn en piezas de Anna Maleras como <strong><em>Bolero, Estem amb el jazz, Carmen, Suite de Sors, Scraiabin Suite, Saeta, Soledad, Rainbow <\/em><\/strong>o<em><\/em><strong><em> Suite de espirituales,\u00a0<\/em><\/strong>esta \u00faltima tambi\u00e9n de Montse Colom\u00e9 y el propio Victor Rodrigo.<\/p>\n<p style=\"text-align: justify;\">Adem\u00e1s tambi\u00e9n baila en otras piezas como <em><strong>Guernica<\/strong><\/em> de Guillermo Palomares (M\u00e9jico), <em><strong>Floating<\/strong><\/em> de Gerard Collins (Francia), <em><strong>Strolling<\/strong><\/em> de Jan Manion (Australia) o <em><strong>Marat\u00f3n<\/strong><\/em> de Carl Paris (EEUU)<\/p>\n<p style=\"text-align: justify;\">[\/et_pb_text][dsm_text_divider header=&#8221;COMPA\u00d1IA VINCLES&#8221; color=&#8221;#353831&#8243; divider_weight=&#8221;2px&#8221; _builder_version=&#8221;4.16&#8243; _module_preset=&#8221;default&#8221; header_font=&#8221;Reem Kufi|700|||||||&#8221; header_text_color=&#8221;#353831&#8243; global_colors_info=&#8221;{}&#8221;][\/dsm_text_divider][et_pb_text _builder_version=&#8221;4.16&#8243; _module_preset=&#8221;default&#8221; text_text_color=&#8221;#ffffff&#8221; custom_margin=&#8221;-2vh||||false|false&#8221; custom_padding=&#8221;0vh||||false|false&#8221; global_colors_info=&#8221;{}&#8221;]<\/p>\n<p style=\"text-align: justify;\">En 1987 funda Vincles, su propia compa\u00f1\u00eda con la que crea, baila y dirige espect\u00e1culos como\u00a0<em><strong>Mort a Venecia<\/strong> (Muerte<\/em>\u00a0en Venecia),\u00a0<em><strong>Vincles<\/strong>\u00a0<\/em>(V\u00ednculos),<strong><em>Vaig de blues<\/em><\/strong>\u00a0(Voy de blues) o <em><strong>NO<\/strong>\u00a0<\/em>entre otros.<\/p>\n<p style=\"text-align: justify;\">[\/et_pb_text][dsm_text_divider header=&#8221;CORE\u00d3GRAFO&#8221; color=&#8221;#353831&#8243; divider_weight=&#8221;2px&#8221; _builder_version=&#8221;4.16&#8243; _module_preset=&#8221;default&#8221; header_font=&#8221;Reem Kufi|700|||||||&#8221; header_text_color=&#8221;#353831&#8243; global_colors_info=&#8221;{}&#8221;][\/dsm_text_divider][et_pb_text _builder_version=&#8221;4.16&#8243; _module_preset=&#8221;default&#8221; text_text_color=&#8221;#ffffff&#8221; custom_margin=&#8221;-2vh||||false|false&#8221; custom_padding=&#8221;0vh||||false|false&#8221; global_colors_info=&#8221;{}&#8221;]<\/p>\n<p style=\"text-align: justify;\">Como core\u00f3grafo ha trabajado en m\u00faltiples formatos: Ceremonia de inauguraci\u00f3n de los <strong>Special Olympics<\/strong> (2010, 2012 y 2014), ha coreografiado los eventos organizados por el <strong>F.C. Barcelona<\/strong> durante\u00a05 a\u00f1os, TV series como\u00a0<strong><em>Barcelona, ciutat neutral<\/em><\/strong>\u00a0(Barcelona, ciudad neutral), dirigida por Sonia S\u00e1nchez (TV3, 2010), la obra de teatro\u00a0<strong><em>Carmela, Lili, Amanda<\/em><\/strong>, dirigida por Marc Chornet (2011) o la pel\u00edcula\u00a0<em><strong>Una carta para Evita<\/strong>,<\/em>\u00a0dirigida por Agust\u00ed Villaronga (TVE, 2012). Ha coreografiado los <em><strong>Premis de Literatura Catalana<\/strong><\/em>, emitido por TV3 y dirigido por Marc Chornet.<\/p>\n<p style=\"text-align: justify;\">Tambi\u00e9n ha dirigido y coreografiado el espect\u00e1culo <strong><em>Aires\u00a0en Moviment<\/em><\/strong>\u00a0(Aires en movimiento) (Buenos Aires, Argentina, 2013). Recientemente ha\u00a0coreografiado para la compa\u00f1\u00eda Projecte Ingenu dirigida por Marc Chornet en obras como <strong>Romeo y Julieta<\/strong> o en la obra teatral\u00a0<strong><em>Vaig ser pr\u00f2sper\u00a0<\/em><\/strong>(Fui pr\u00f3spero), basada en <em>La Tempestad <\/em>de Shakespeare donde ademas, Victor, tambi\u00e9n es actor.<\/p>\n<p style=\"text-align: justify;\">[\/et_pb_text][dsm_text_divider header=&#8221;MAESTRO, JURADO Y DIRECTOR&#8221; color=&#8221;#353831&#8243; divider_weight=&#8221;2px&#8221; _builder_version=&#8221;4.16&#8243; _module_preset=&#8221;default&#8221; header_font=&#8221;Reem Kufi|700|||||||&#8221; header_text_color=&#8221;#353831&#8243; global_colors_info=&#8221;{}&#8221;][\/dsm_text_divider][et_pb_text _builder_version=&#8221;4.16&#8243; _module_preset=&#8221;default&#8221; text_text_color=&#8221;#ffffff&#8221; custom_margin=&#8221;-2vh||||false|false&#8221; custom_padding=&#8221;0vh||||false|false&#8221; global_colors_info=&#8221;{}&#8221;]<\/p>\n<p style=\"text-align: justify;\">Ha sido invitado como profesor y core\u00f3grafo a la <strong>Compa\u00f1\u00eda Prodanza, dirigida por Laura Alonso<\/strong> (La Habana, Cuba, 2014).<br \/> Es\u00a0<strong>Co-director del Jazz Festival de Barcelona<\/strong>, miembro del jurado del\u00a0<strong>Xic &amp; Dans International Contest<\/strong> (Andorra, 2018) y tambi\u00e9n ha dirigido y programado el\u00a0festival\u00a0<strong>Eixample de dansa<\/strong>.<\/p>\n<p style=\"text-align: justify;\">Es un reconocido conferenciante sobre jazz, da a menudo\u00a0conferencias sobre los or\u00edgenes y la evoluci\u00f3n de la danza jazz y\u00a0se le invita\u00a0asiduamente al Institut del Teatre y a la Universidad Aut\u00f3noma de Barcelona. Actualmente es profesor de jazz en la universidad privada ESART.<\/p>\n<p style=\"text-align: justify;\">Ha dirigido la <strong>formaci\u00f3n profesional de jazz y la compa\u00f1\u00eda pre-profesional de danza jazz de la Escuela de Danza Luthier<\/strong> (Barcelona). Ha participado\u00a0en la elaboraci\u00f3n del <strong>programa de danza jazz ACADE<\/strong> (sector de profesores europeos de arte) y fue elegido maestro para preparar a profesores de danza jazz para el programa ACADE. Trabaja regularmente invitado como maestro de danza jazz en stages internacionales en el extranjero y recientemente ha sido invitado a\u00a0la <strong>Universidad de Jerusalem, Sicilia, Buenos Aires, La Habana y El Salvador<\/strong>.<\/p>\n<p style=\"text-align: justify;\"><strong>La intenci\u00f3n de V\u00edctor Rodrigo es fusionar el jazz y el teatro para ofrecer espect\u00e1culos que lleguen al p\u00fablico m\u00e1s amplio. Sus clases se caracterizan por unir el aprendizaje de t\u00e9cnica y ritmo, por desarrollar la capacidad de apreciar y reconocer diferentes estilos musicales (Blues, soul, jazz-rock, musical\u2026) as\u00ed como de\u00a0bailarlos usando distintas t\u00e9cnicas\u00a0(Dunham, Ailey, Mattox, Simonson, Afro- Cuban \u2026). <span>Adem\u00e1s, en sus clases\u00a0imparte conocimientos sobre los or\u00edgenes y la historia de los estilos de jazz y de danza jazz.<\/span><\/strong><\/p>\n<p>[\/et_pb_text][\/et_pb_column][\/et_pb_row][\/et_pb_section]<\/p>\n","protected":false},"excerpt":{"rendered":"<p>VICTOR \u00a0 JOSEPRODRIGO<div class=\"et_pb_module dsm_gradient_text dsm_gradient_text_0 \">\n\t\t\t\t\n\t\t\t\t\n\t\t\t\t\n\t\t\t\t\n\t\t\t\t\n\t\t\t\t\n\t\t\t\t<div class=\"et_pb_module_inner\">\n\t\t\t\t\t<h1 class=\"dsm-gradient-text et_pb_module_header\">core\u00f3grafo \u00b7 maestro \u00b7 bailar\u00edn<\/h1>\n\t\t\t\t<\/div>\n\t\t\t<\/div>Profesor, core\u00f3grafo y bailar\u00edn. En\u00a01985 obtiene el certificado CAED-Jazz para impartir formaci\u00f3n de danza-jazz. Se forma en danza y teatro musical en Barcelona, Londres y Nueva York. La intenci\u00f3n de V\u00edctor Rodrigo es fusionar el jazz [&hellip;]<\/p>\n","protected":false},"author":2,"featured_media":0,"parent":0,"menu_order":0,"comment_status":"closed","ping_status":"closed","template":"","meta":{"_et_pb_use_builder":"on","_et_pb_old_content":"","_et_gb_content_width":"","footnotes":""},"class_list":["post-2687","page","type-page","status-publish","hentry"],"_links":{"self":[{"href":"https:\/\/victor-rodrigo.com\/vrodrigo\/wp-json\/wp\/v2\/pages\/2687","targetHints":{"allow":["GET"]}}],"collection":[{"href":"https:\/\/victor-rodrigo.com\/vrodrigo\/wp-json\/wp\/v2\/pages"}],"about":[{"href":"https:\/\/victor-rodrigo.com\/vrodrigo\/wp-json\/wp\/v2\/types\/page"}],"author":[{"embeddable":true,"href":"https:\/\/victor-rodrigo.com\/vrodrigo\/wp-json\/wp\/v2\/users\/2"}],"replies":[{"embeddable":true,"href":"https:\/\/victor-rodrigo.com\/vrodrigo\/wp-json\/wp\/v2\/comments?post=2687"}],"version-history":[{"count":8,"href":"https:\/\/victor-rodrigo.com\/vrodrigo\/wp-json\/wp\/v2\/pages\/2687\/revisions"}],"predecessor-version":[{"id":4682,"href":"https:\/\/victor-rodrigo.com\/vrodrigo\/wp-json\/wp\/v2\/pages\/2687\/revisions\/4682"}],"wp:attachment":[{"href":"https:\/\/victor-rodrigo.com\/vrodrigo\/wp-json\/wp\/v2\/media?parent=2687"}],"curies":[{"name":"wp","href":"https:\/\/api.w.org\/{rel}","templated":true}]}}